{"id":186,"date":"2021-03-20T12:54:20","date_gmt":"2021-03-20T12:54:20","guid":{"rendered":"http:\/\/advocaciarubik.com.br\/wordpress\/?page_id=186"},"modified":"2025-12-23T19:43:41","modified_gmt":"2025-12-23T22:43:41","slug":"sobre","status":"publish","type":"page","link":"http:\/\/advocaciarubik.com.br\/wordpress\/sobre\/","title":{"rendered":"Sobre"},"content":{"rendered":"\t\t<div data-elementor-type=\"wp-page\" data-elementor-id=\"186\" class=\"elementor elementor-186\" data-elementor-settings=\"[]\">\n\t\t\t\t\t\t\t<div class=\"elementor-section-wrap\">\n\t\t\t\t\t\t\t<section class=\"elementor-section elementor-top-section elementor-element elementor-element-f294f37 elementor-section-boxed elementor-section-height-default elementor-section-height-default\" data-id=\"f294f37\" data-element_type=\"section\" data-settings=\"{&quot;background_background&quot;:&quot;classic&quot;}\">\n\t\t\t\t\t\t<div class=\"elementor-container elementor-column-gap-default\">\n\t\t\t\t\t<div class=\"elementor-column elementor-col-33 elementor-top-column elementor-element elementor-element-133aebe\" data-id=\"133aebe\" data-element_type=\"column\">\n\t\t\t<div class=\"elementor-widget-wrap elementor-element-populated\">\n\t\t\t\t\t\t\t\t<div class=\"elementor-element elementor-element-f84e423 elementor-widget elementor-widget-image\" data-id=\"f84e423\" data-element_type=\"widget\" data-widget_type=\"image.default\">\n\t\t\t\t<div class=\"elementor-widget-container\">\n\t\t\t\t\t<div class=\"elementor-image\">\n\t\t\t\t\t\t\t\t\t\t<img width=\"887\" height=\"242\" src=\"http:\/\/advocaciarubik.com.br\/wordpress\/wp-content\/uploads\/2021\/07\/rubik-logo-1.png\" class=\"attachment-large size-large\" alt=\"\" loading=\"lazy\" srcset=\"http:\/\/advocaciarubik.com.br\/wordpress\/wp-content\/uploads\/2021\/07\/rubik-logo-1.png 887w, http:\/\/advocaciarubik.com.br\/wordpress\/wp-content\/uploads\/2021\/07\/rubik-logo-1-300x82.png 300w, http:\/\/advocaciarubik.com.br\/wordpress\/wp-content\/uploads\/2021\/07\/rubik-logo-1-768x210.png 768w\" sizes=\"(max-width: 887px) 100vw, 887px\" \/>\t\t\t\t\t\t\t\t\t\t\t<\/div>\n\t\t\t\t<\/div>\n\t\t\t\t<\/div>\n\t\t\t\t\t<\/div>\n\t\t<\/div>\n\t\t\t\t<div class=\"elementor-column elementor-col-66 elementor-top-column elementor-element elementor-element-5db4fd6\" data-id=\"5db4fd6\" data-element_type=\"column\">\n\t\t\t<div class=\"elementor-widget-wrap elementor-element-populated\">\n\t\t\t\t\t\t\t\t<div class=\"elementor-element elementor-element-83aa144 elementor-icon-list--layout-inline elementor-align-center elementor-list-item-link-full_width elementor-widget elementor-widget-icon-list\" data-id=\"83aa144\" data-element_type=\"widget\" data-widget_type=\"icon-list.default\">\n\t\t\t\t<div class=\"elementor-widget-container\">\n\t\t\t\t\t<ul class=\"elementor-icon-list-items elementor-inline-items\">\n\t\t\t\t\t\t\t<li class=\"elementor-icon-list-item elementor-inline-item\">\n\t\t\t\t\t<a href=\"http:\/\/advocaciarubik.com.br\/wordpress\/\">\t\t\t\t\t<span class=\"elementor-icon-list-text\">Home<\/span>\n\t\t\t\t\t\t\t\t\t\t\t<\/a>\n\t\t\t\t\t\t\t\t\t<\/li>\n\t\t\t\t\t\t\t\t<li class=\"elementor-icon-list-item elementor-inline-item\">\n\t\t\t\t\t<a href=\"http:\/\/advocaciarubik.com.br\/wordpress\/sobre\">\t\t\t\t\t<span class=\"elementor-icon-list-text\">Sobre<\/span>\n\t\t\t\t\t\t\t\t\t\t\t<\/a>\n\t\t\t\t\t\t\t\t\t<\/li>\n\t\t\t\t\t\t\t\t<li class=\"elementor-icon-list-item elementor-inline-item\">\n\t\t\t\t\t<a href=\"http:\/\/advocaciarubik.com.br\/wordpress\/#atuacao\">\t\t\t\t\t<span class=\"elementor-icon-list-text\">\u00c1reas de Atua\u00e7\u00e3o<\/span>\n\t\t\t\t\t\t\t\t\t\t\t<\/a>\n\t\t\t\t\t\t\t\t\t<\/li>\n\t\t\t\t\t\t\t\t<li class=\"elementor-icon-list-item elementor-inline-item\">\n\t\t\t\t\t<a href=\"http:\/\/advocaciarubik.com.br\/wordpress\/#contato\">\t\t\t\t\t<span class=\"elementor-icon-list-text\">Contato<\/span>\n\t\t\t\t\t\t\t\t\t\t\t<\/a>\n\t\t\t\t\t\t\t\t\t<\/li>\n\t\t\t\t\t\t<\/ul>\n\t\t\t\t<\/div>\n\t\t\t\t<\/div>\n\t\t\t\t\t<\/div>\n\t\t<\/div>\n\t\t\t\t\t\t\t<\/div>\n\t\t<\/section>\n\t\t\t\t<section class=\"elementor-section elementor-top-section elementor-element elementor-element-8157d25 elementor-section-height-min-height elementor-section-boxed elementor-section-height-default elementor-section-items-middle\" data-id=\"8157d25\" data-element_type=\"section\" data-settings=\"{&quot;background_background&quot;:&quot;classic&quot;}\">\n\t\t\t\t\t\t<div class=\"elementor-container elementor-column-gap-default\">\n\t\t\t\t\t<div class=\"elementor-column elementor-col-100 elementor-top-column elementor-element elementor-element-8a952a4\" data-id=\"8a952a4\" data-element_type=\"column\">\n\t\t\t<div class=\"elementor-widget-wrap elementor-element-populated\">\n\t\t\t\t\t\t\t\t<div class=\"elementor-element elementor-element-d89993a elementor-widget elementor-widget-heading\" data-id=\"d89993a\" data-element_type=\"widget\" data-widget_type=\"heading.default\">\n\t\t\t\t<div class=\"elementor-widget-container\">\n\t\t\t<h1 class=\"elementor-heading-title elementor-size-default\">NOSSA HIST\u00d3RIA<\/h1>\t\t<\/div>\n\t\t\t\t<\/div>\n\t\t\t\t<div class=\"elementor-element elementor-element-aa1bcbf elementor-widget-divider--view-line elementor-widget elementor-widget-divider\" data-id=\"aa1bcbf\" data-element_type=\"widget\" data-widget_type=\"divider.default\">\n\t\t\t\t<div class=\"elementor-widget-container\">\n\t\t\t\t\t<div class=\"elementor-divider\">\n\t\t\t<span class=\"elementor-divider-separator\">\n\t\t\t\t\t\t<\/span>\n\t\t<\/div>\n\t\t\t\t<\/div>\n\t\t\t\t<\/div>\n\t\t\t\t\t<\/div>\n\t\t<\/div>\n\t\t\t\t\t\t\t<\/div>\n\t\t<\/section>\n\t\t\t\t<section class=\"elementor-section elementor-top-section elementor-element elementor-element-3a14879 elementor-section-boxed elementor-section-height-default elementor-section-height-default\" data-id=\"3a14879\" data-element_type=\"section\">\n\t\t\t\t\t\t<div class=\"elementor-container elementor-column-gap-default\">\n\t\t\t\t\t<div class=\"elementor-column elementor-col-100 elementor-top-column elementor-element elementor-element-2622cc8\" data-id=\"2622cc8\" data-element_type=\"column\">\n\t\t\t<div class=\"elementor-widget-wrap elementor-element-populated\">\n\t\t\t\t\t\t\t\t<div class=\"elementor-element elementor-element-b80f114 elementor-widget elementor-widget-text-editor\" data-id=\"b80f114\" data-element_type=\"widget\" data-widget_type=\"text-editor.default\">\n\t\t\t\t<div class=\"elementor-widget-container\">\n\t\t\t\t\t<div class=\"elementor-text-editor elementor-clearfix\"><p style=\"text-align: left;\">Fundado em 1976 pelo Dr. L\u00facio Jos\u00e9 Rubik (in memoriam), o Escrit\u00f3rio consolidou-se ao longo das d\u00e9cadas como refer\u00eancia na assessoria jur\u00eddica empresarial, tanto na \u00e1rea consultiva quanto contenciosa. Com vis\u00e3o estrat\u00e9gica e atua\u00e7\u00e3o \u00e9tica, construiu, junto aos demais s\u00f3cios, uma trajet\u00f3ria marcada pelo compromisso com a justi\u00e7a e pela busca constante da excel\u00eancia no atendimento aos clientes.<\/p><p style=\"text-align: left;\">Compromisso com a Qualidade<br \/>Nosso principal objetivo \u00e9 oferecer um atendimento jur\u00eddico de qualidade superior, com caracter\u00edsticas distintas, que se refletem nos resultados e benef\u00edcios gerados aos nossos clientes.<\/p><p style=\"text-align: left;\">Trabalhamos em estreita parceria com cada cliente, oferecendo solu\u00e7\u00f5es modernas, eficazes e c\u00e9leres. Para garantir a excel\u00eancia de nossos servi\u00e7os, investimos continuamente em atualiza\u00e7\u00e3o profissional por meio de programas de especializa\u00e7\u00e3o e educa\u00e7\u00e3o continuada.<\/p><p style=\"text-align: left;\">A tradi\u00e7\u00e3o que nos acompanha desde a funda\u00e7\u00e3o se renova diariamente com inova\u00e7\u00e3o, responsabilidade e dedica\u00e7\u00e3o.<\/p><\/div>\n\t\t\t\t<\/div>\n\t\t\t\t<\/div>\n\t\t\t\t\t<\/div>\n\t\t<\/div>\n\t\t\t\t\t\t\t<\/div>\n\t\t<\/section>\n\t\t\t\t<section class=\"elementor-section elementor-top-section elementor-element elementor-element-75d70a4 elementor-section-boxed elementor-section-height-default elementor-section-height-default\" data-id=\"75d70a4\" data-element_type=\"section\" data-settings=\"{&quot;background_background&quot;:&quot;classic&quot;}\">\n\t\t\t\t\t\t<div class=\"elementor-container elementor-column-gap-default\">\n\t\t\t\t\t<div class=\"elementor-column elementor-col-100 elementor-top-column elementor-element elementor-element-0068e93\" data-id=\"0068e93\" data-element_type=\"column\">\n\t\t\t<div class=\"elementor-widget-wrap elementor-element-populated\">\n\t\t\t\t\t\t\t\t<div class=\"elementor-element elementor-element-8b50f1f elementor-widget elementor-widget-heading\" data-id=\"8b50f1f\" data-element_type=\"widget\" data-widget_type=\"heading.default\">\n\t\t\t\t<div class=\"elementor-widget-container\">\n\t\t\t<h1 class=\"elementor-heading-title elementor-size-default\">CONHE\u00c7A A EQUIPE<\/h1>\t\t<\/div>\n\t\t\t\t<\/div>\n\t\t\t\t<div class=\"elementor-element elementor-element-bfeb1a6 elementor-widget-divider--view-line elementor-widget elementor-widget-divider\" data-id=\"bfeb1a6\" data-element_type=\"widget\" data-widget_type=\"divider.default\">\n\t\t\t\t<div class=\"elementor-widget-container\">\n\t\t\t\t\t<div class=\"elementor-divider\">\n\t\t\t<span class=\"elementor-divider-separator\">\n\t\t\t\t\t\t<\/span>\n\t\t<\/div>\n\t\t\t\t<\/div>\n\t\t\t\t<\/div>\n\t\t\t\t\t<\/div>\n\t\t<\/div>\n\t\t\t\t\t\t\t<\/div>\n\t\t<\/section>\n\t\t\t\t<section class=\"elementor-section elementor-top-section elementor-element elementor-element-85bf7c6 elementor-section-boxed elementor-section-height-default elementor-section-height-default\" data-id=\"85bf7c6\" data-element_type=\"section\" data-settings=\"{&quot;background_background&quot;:&quot;classic&quot;}\">\n\t\t\t\t\t\t<div class=\"elementor-container elementor-column-gap-default\">\n\t\t\t\t\t<div class=\"elementor-column elementor-col-33 elementor-top-column elementor-element elementor-element-49dfe78\" data-id=\"49dfe78\" data-element_type=\"column\">\n\t\t\t<div class=\"elementor-widget-wrap elementor-element-populated\">\n\t\t\t\t\t\t\t\t<div class=\"elementor-element elementor-element-edcc524 elementor-widget elementor-widget-image\" data-id=\"edcc524\" data-element_type=\"widget\" data-widget_type=\"image.default\">\n\t\t\t\t<div class=\"elementor-widget-container\">\n\t\t\t\t\t<div class=\"elementor-image\">\n\t\t\t\t\t\t\t\t\t\t<img width=\"207\" height=\"300\" src=\"http:\/\/advocaciarubik.com.br\/wordpress\/wp-content\/uploads\/2021\/03\/lucio-207x300.jpg\" class=\"attachment-medium size-medium\" alt=\"\" loading=\"lazy\" srcset=\"http:\/\/advocaciarubik.com.br\/wordpress\/wp-content\/uploads\/2021\/03\/lucio-207x300.jpg 207w, http:\/\/advocaciarubik.com.br\/wordpress\/wp-content\/uploads\/2021\/03\/lucio-708x1024.jpg 708w, http:\/\/advocaciarubik.com.br\/wordpress\/wp-content\/uploads\/2021\/03\/lucio-768x1111.jpg 768w, http:\/\/advocaciarubik.com.br\/wordpress\/wp-content\/uploads\/2021\/03\/lucio.jpg 885w\" sizes=\"(max-width: 207px) 100vw, 207px\" \/>\t\t\t\t\t\t\t\t\t\t\t<\/div>\n\t\t\t\t<\/div>\n\t\t\t\t<\/div>\n\t\t\t\t<div class=\"elementor-element elementor-element-2cc1a51 elementor-widget elementor-widget-heading\" data-id=\"2cc1a51\" data-element_type=\"widget\" data-widget_type=\"heading.default\">\n\t\t\t\t<div class=\"elementor-widget-container\">\n\t\t\t<h4 class=\"elementor-heading-title elementor-size-default\">Dr. LUCIO JOS\u00c9 RUBIK (IN MEMORIAM)<\/h4>\t\t<\/div>\n\t\t\t\t<\/div>\n\t\t\t\t<div class=\"elementor-element elementor-element-2b8c79d elementor-widget elementor-widget-heading\" data-id=\"2b8c79d\" data-element_type=\"widget\" data-widget_type=\"heading.default\">\n\t\t\t\t<div class=\"elementor-widget-container\">\n\t\t\t<h5 class=\"elementor-heading-title elementor-size-default\"><a href=\"mailto:lucio@advocaciarubik.com.br\"><font style=\"vertical-align: inherit;\"><font style=\"vertical-align: inherit;\"><u>lucio@<\/u><\/font><\/font><u>advocaciarubik.com.br<\/u><\/a><\/h5>\t\t<\/div>\n\t\t\t\t<\/div>\n\t\t\t\t\t<\/div>\n\t\t<\/div>\n\t\t\t\t<div class=\"elementor-column elementor-col-33 elementor-top-column elementor-element elementor-element-4c7b669\" data-id=\"4c7b669\" data-element_type=\"column\">\n\t\t\t<div class=\"elementor-widget-wrap elementor-element-populated\">\n\t\t\t\t\t\t\t\t<div class=\"elementor-element elementor-element-ddc73d7 elementor-widget elementor-widget-image\" data-id=\"ddc73d7\" data-element_type=\"widget\" data-widget_type=\"image.default\">\n\t\t\t\t<div class=\"elementor-widget-container\">\n\t\t\t\t\t<div class=\"elementor-image\">\n\t\t\t\t\t\t\t\t\t\t<img width=\"232\" height=\"300\" src=\"http:\/\/advocaciarubik.com.br\/wordpress\/wp-content\/uploads\/2021\/03\/carlos-1-232x300.jpg\" class=\"attachment-medium size-medium\" alt=\"\" loading=\"lazy\" srcset=\"http:\/\/advocaciarubik.com.br\/wordpress\/wp-content\/uploads\/2021\/03\/carlos-1-232x300.jpg 232w, http:\/\/advocaciarubik.com.br\/wordpress\/wp-content\/uploads\/2021\/03\/carlos-1-790x1024.jpg 790w, http:\/\/advocaciarubik.com.br\/wordpress\/wp-content\/uploads\/2021\/03\/carlos-1-768x995.jpg 768w, http:\/\/advocaciarubik.com.br\/wordpress\/wp-content\/uploads\/2021\/03\/carlos-1.jpg 988w\" sizes=\"(max-width: 232px) 100vw, 232px\" \/>\t\t\t\t\t\t\t\t\t\t\t<\/div>\n\t\t\t\t<\/div>\n\t\t\t\t<\/div>\n\t\t\t\t<div class=\"elementor-element elementor-element-70f3d2e elementor-widget elementor-widget-heading\" data-id=\"70f3d2e\" data-element_type=\"widget\" data-widget_type=\"heading.default\">\n\t\t\t\t<div class=\"elementor-widget-container\">\n\t\t\t<h4 class=\"elementor-heading-title elementor-size-default\">Dr. CARLOS EDUARDO RUBIK \u2013 OAB\/SC  15.236<\/h4>\t\t<\/div>\n\t\t\t\t<\/div>\n\t\t\t\t<div class=\"elementor-element elementor-element-a574086 elementor-widget elementor-widget-heading\" data-id=\"a574086\" data-element_type=\"widget\" data-widget_type=\"heading.default\">\n\t\t\t\t<div class=\"elementor-widget-container\">\n\t\t\t<h5 class=\"elementor-heading-title elementor-size-default\"><a href=\"mailto:carlos@advocaciarubik.com.br\"><font style=\"vertical-align: inherit;\"><font style=\"vertical-align: inherit;\"><u><font style=\"vertical-align: inherit;\"><font style=\"vertical-align: inherit;\">carlos@<\/font><\/font><\/u><\/font><\/font><u>advocaciarubik.com.br<\/u><\/a><\/h5>\t\t<\/div>\n\t\t\t\t<\/div>\n\t\t\t\t\t<\/div>\n\t\t<\/div>\n\t\t\t\t<div class=\"elementor-column elementor-col-33 elementor-top-column elementor-element elementor-element-90c28e8\" data-id=\"90c28e8\" data-element_type=\"column\">\n\t\t\t<div class=\"elementor-widget-wrap elementor-element-populated\">\n\t\t\t\t\t\t\t\t<div class=\"elementor-element elementor-element-5180f8c elementor-widget elementor-widget-image\" data-id=\"5180f8c\" data-element_type=\"widget\" data-widget_type=\"image.default\">\n\t\t\t\t<div class=\"elementor-widget-container\">\n\t\t\t\t\t<div class=\"elementor-image\">\n\t\t\t\t\t\t\t\t\t\t<img width=\"260\" height=\"300\" src=\"http:\/\/advocaciarubik.com.br\/wordpress\/wp-content\/uploads\/2021\/03\/Andre-1-260x300.jpg\" class=\"attachment-medium size-medium\" alt=\"\" loading=\"lazy\" srcset=\"http:\/\/advocaciarubik.com.br\/wordpress\/wp-content\/uploads\/2021\/03\/Andre-1-260x300.jpg 260w, http:\/\/advocaciarubik.com.br\/wordpress\/wp-content\/uploads\/2021\/03\/Andre-1-886x1024.jpg 886w, http:\/\/advocaciarubik.com.br\/wordpress\/wp-content\/uploads\/2021\/03\/Andre-1-768x887.jpg 768w, http:\/\/advocaciarubik.com.br\/wordpress\/wp-content\/uploads\/2021\/03\/Andre-1.jpg 1108w\" sizes=\"(max-width: 260px) 100vw, 260px\" \/>\t\t\t\t\t\t\t\t\t\t\t<\/div>\n\t\t\t\t<\/div>\n\t\t\t\t<\/div>\n\t\t\t\t<div class=\"elementor-element elementor-element-df72ae3 elementor-widget elementor-widget-heading\" data-id=\"df72ae3\" data-element_type=\"widget\" data-widget_type=\"heading.default\">\n\t\t\t\t<div class=\"elementor-widget-container\">\n\t\t\t<h4 class=\"elementor-heading-title elementor-size-default\">\tDr. ANDR\u00c9 LUIZ RUBIK \u2013 OAB\/SC 28.689<\/h4>\t\t<\/div>\n\t\t\t\t<\/div>\n\t\t\t\t<div class=\"elementor-element elementor-element-e42276d elementor-widget elementor-widget-heading\" data-id=\"e42276d\" data-element_type=\"widget\" data-widget_type=\"heading.default\">\n\t\t\t\t<div class=\"elementor-widget-container\">\n\t\t\t<h5 class=\"elementor-heading-title elementor-size-default\"><a href=\"mailto:andre@advocaciarubik.com.br\"><font style=\"vertical-align: inherit;\"><font style=\"vertical-align: inherit;\"><u><font style=\"vertical-align: inherit;\"><font style=\"vertical-align: inherit;\">andre@<\/font><\/font><\/u><\/font><\/font><u>advocaciarubik.com.br<\/u><\/a><\/h5>\t\t<\/div>\n\t\t\t\t<\/div>\n\t\t\t\t\t<\/div>\n\t\t<\/div>\n\t\t\t\t\t\t\t<\/div>\n\t\t<\/section>\n\t\t\t\t<section class=\"elementor-section elementor-top-section elementor-element elementor-element-4d0e650 elementor-section-boxed elementor-section-height-default elementor-section-height-default\" data-id=\"4d0e650\" data-element_type=\"section\" data-settings=\"{&quot;background_background&quot;:&quot;classic&quot;}\">\n\t\t\t\t\t\t<div class=\"elementor-container elementor-column-gap-default\">\n\t\t\t\t\t<div class=\"elementor-column elementor-col-100 elementor-top-column elementor-element elementor-element-9215b71\" data-id=\"9215b71\" data-element_type=\"column\">\n\t\t\t<div class=\"elementor-widget-wrap elementor-element-populated\">\n\t\t\t\t\t\t\t\t<div class=\"elementor-element elementor-element-d49d39c elementor-widget elementor-widget-image\" data-id=\"d49d39c\" data-element_type=\"widget\" data-widget_type=\"image.default\">\n\t\t\t\t<div class=\"elementor-widget-container\">\n\t\t\t\t\t<div class=\"elementor-image\">\n\t\t\t\t\t\t\t\t\t\t<img width=\"300\" height=\"300\" src=\"http:\/\/advocaciarubik.com.br\/wordpress\/wp-content\/uploads\/2025\/12\/IMAGEM-300x300.jpg\" class=\"attachment-medium size-medium\" alt=\"\" loading=\"lazy\" srcset=\"http:\/\/advocaciarubik.com.br\/wordpress\/wp-content\/uploads\/2025\/12\/IMAGEM-300x300.jpg 300w, http:\/\/advocaciarubik.com.br\/wordpress\/wp-content\/uploads\/2025\/12\/IMAGEM-150x150.jpg 150w, http:\/\/advocaciarubik.com.br\/wordpress\/wp-content\/uploads\/2025\/12\/IMAGEM-768x767.jpg 768w, http:\/\/advocaciarubik.com.br\/wordpress\/wp-content\/uploads\/2025\/12\/IMAGEM.jpg 999w\" sizes=\"(max-width: 300px) 100vw, 300px\" \/>\t\t\t\t\t\t\t\t\t\t\t<\/div>\n\t\t\t\t<\/div>\n\t\t\t\t<\/div>\n\t\t\t\t<div class=\"elementor-element elementor-element-518aea2 elementor-widget elementor-widget-heading\" data-id=\"518aea2\" data-element_type=\"widget\" data-widget_type=\"heading.default\">\n\t\t\t\t<div class=\"elementor-widget-container\">\n\t\t\t<h4 class=\"elementor-heading-title elementor-size-default\">DRA. RAFAELA M. HOLZ RUBIK - OAB\/SC 26.504<\/h4>\t\t<\/div>\n\t\t\t\t<\/div>\n\t\t\t\t\t<\/div>\n\t\t<\/div>\n\t\t\t\t\t\t\t<\/div>\n\t\t<\/section>\n\t\t\t\t<section class=\"elementor-section elementor-top-section elementor-element elementor-element-0ced096 elementor-section-boxed elementor-section-height-default elementor-section-height-default\" data-id=\"0ced096\" data-element_type=\"section\" data-settings=\"{&quot;background_background&quot;:&quot;classic&quot;}\">\n\t\t\t\t\t\t<div class=\"elementor-container elementor-column-gap-default\">\n\t\t\t\t\t<div class=\"elementor-column elementor-col-33 elementor-top-column elementor-element elementor-element-6d8bd31\" data-id=\"6d8bd31\" data-element_type=\"column\">\n\t\t\t<div class=\"elementor-widget-wrap elementor-element-populated\">\n\t\t\t\t\t\t\t\t<div class=\"elementor-element elementor-element-e3bfb30 elementor-widget elementor-widget-image\" data-id=\"e3bfb30\" data-element_type=\"widget\" data-widget_type=\"image.default\">\n\t\t\t\t<div class=\"elementor-widget-container\">\n\t\t\t\t\t<div class=\"elementor-image\">\n\t\t\t\t\t\t\t\t\t\t\t<a href=\"http:\/\/advocaciarubik.com.br\/wordpress\/\">\n\t\t\t\t\t\t\t<img width=\"887\" height=\"242\" src=\"http:\/\/advocaciarubik.com.br\/wordpress\/wp-content\/uploads\/2021\/07\/rubik-logo-1.png\" class=\"attachment-large size-large\" alt=\"\" loading=\"lazy\" srcset=\"http:\/\/advocaciarubik.com.br\/wordpress\/wp-content\/uploads\/2021\/07\/rubik-logo-1.png 887w, http:\/\/advocaciarubik.com.br\/wordpress\/wp-content\/uploads\/2021\/07\/rubik-logo-1-300x82.png 300w, http:\/\/advocaciarubik.com.br\/wordpress\/wp-content\/uploads\/2021\/07\/rubik-logo-1-768x210.png 768w\" sizes=\"(max-width: 887px) 100vw, 887px\" \/>\t\t\t\t\t\t\t\t<\/a>\n\t\t\t\t\t\t\t\t\t\t\t<\/div>\n\t\t\t\t<\/div>\n\t\t\t\t<\/div>\n\t\t\t\t\t<\/div>\n\t\t<\/div>\n\t\t\t\t<div class=\"elementor-column elementor-col-33 elementor-top-column elementor-element elementor-element-15da733\" data-id=\"15da733\" data-element_type=\"column\">\n\t\t\t<div class=\"elementor-widget-wrap elementor-element-populated\">\n\t\t\t\t\t\t\t\t<div class=\"elementor-element elementor-element-16e579c elementor-widget elementor-widget-heading\" data-id=\"16e579c\" data-element_type=\"widget\" data-widget_type=\"heading.default\">\n\t\t\t\t<div class=\"elementor-widget-container\">\n\t\t\t<h4 class=\"elementor-heading-title elementor-size-default\">MENU<\/h4>\t\t<\/div>\n\t\t\t\t<\/div>\n\t\t\t\t<div class=\"elementor-element elementor-element-d469a9a elementor-align-left elementor-icon-list--layout-traditional elementor-list-item-link-full_width elementor-widget elementor-widget-icon-list\" data-id=\"d469a9a\" data-element_type=\"widget\" data-widget_type=\"icon-list.default\">\n\t\t\t\t<div class=\"elementor-widget-container\">\n\t\t\t\t\t<ul class=\"elementor-icon-list-items\">\n\t\t\t\t\t\t\t<li class=\"elementor-icon-list-item\">\n\t\t\t\t\t<a href=\"http:\/\/advocaciarubik.com.br\/wordpress\/\">\t\t\t\t\t<span class=\"elementor-icon-list-text\">Home<\/span>\n\t\t\t\t\t\t\t\t\t\t\t<\/a>\n\t\t\t\t\t\t\t\t\t<\/li>\n\t\t\t\t\t\t\t\t<li class=\"elementor-icon-list-item\">\n\t\t\t\t\t<a href=\"http:\/\/advocaciarubik.com.br\/wordpress\/sobre\">\t\t\t\t\t<span class=\"elementor-icon-list-text\">Sobre<\/span>\n\t\t\t\t\t\t\t\t\t\t\t<\/a>\n\t\t\t\t\t\t\t\t\t<\/li>\n\t\t\t\t\t\t\t\t<li class=\"elementor-icon-list-item\">\n\t\t\t\t\t<a href=\"http:\/\/advocaciarubik.com.br\/wordpress\/#atuacao\">\t\t\t\t\t<span class=\"elementor-icon-list-text\">\u00c1reas de Atua\u00e7\u00e3o<\/span>\n\t\t\t\t\t\t\t\t\t\t\t<\/a>\n\t\t\t\t\t\t\t\t\t<\/li>\n\t\t\t\t\t\t\t\t<li class=\"elementor-icon-list-item\">\n\t\t\t\t\t<a href=\"http:\/\/advocaciarubik.com.br\/wordpress\/#contato\">\t\t\t\t\t<span class=\"elementor-icon-list-text\">Contato<\/span>\n\t\t\t\t\t\t\t\t\t\t\t<\/a>\n\t\t\t\t\t\t\t\t\t<\/li>\n\t\t\t\t\t\t<\/ul>\n\t\t\t\t<\/div>\n\t\t\t\t<\/div>\n\t\t\t\t\t<\/div>\n\t\t<\/div>\n\t\t\t\t<div class=\"elementor-column elementor-col-33 elementor-top-column elementor-element elementor-element-4891e31\" data-id=\"4891e31\" data-element_type=\"column\">\n\t\t\t<div class=\"elementor-widget-wrap elementor-element-populated\">\n\t\t\t\t\t\t\t\t<div class=\"elementor-element elementor-element-34913d5 elementor-widget elementor-widget-heading\" data-id=\"34913d5\" data-element_type=\"widget\" data-widget_type=\"heading.default\">\n\t\t\t\t<div class=\"elementor-widget-container\">\n\t\t\t<h4 class=\"elementor-heading-title elementor-size-default\">PRIVACIDADE<\/h4>\t\t<\/div>\n\t\t\t\t<\/div>\n\t\t\t\t<div class=\"elementor-element elementor-element-7c1fbe0 elementor-align-left elementor-icon-list--layout-traditional elementor-list-item-link-full_width elementor-widget elementor-widget-icon-list\" data-id=\"7c1fbe0\" data-element_type=\"widget\" data-widget_type=\"icon-list.default\">\n\t\t\t\t<div class=\"elementor-widget-container\">\n\t\t\t\t\t<ul class=\"elementor-icon-list-items\">\n\t\t\t\t\t\t\t<li class=\"elementor-icon-list-item\">\n\t\t\t\t\t<a href=\"http:\/\/advocaciarubik.com.br\/wordpress\/politica-de-privacidade\">\t\t\t\t\t<span class=\"elementor-icon-list-text\">Pol\u00edtica de Privacidade<\/span>\n\t\t\t\t\t\t\t\t\t\t\t<\/a>\n\t\t\t\t\t\t\t\t\t<\/li>\n\t\t\t\t\t\t\t\t<li class=\"elementor-icon-list-item\">\n\t\t\t\t\t<a href=\"http:\/\/advocaciarubik.com.br\/wordpress\/termos-de-uso-e-condicoes\">\t\t\t\t\t<span class=\"elementor-icon-list-text\">Termos de Uso e Condi\u00e7\u00f5es<\/span>\n\t\t\t\t\t\t\t\t\t\t\t<\/a>\n\t\t\t\t\t\t\t\t\t<\/li>\n\t\t\t\t\t\t\t\t<li class=\"elementor-icon-list-item\">\n\t\t\t\t\t<a href=\"http:\/\/advocaciarubik.com.br\/wordpress\/acesso-a-dados\">\t\t\t\t\t<span class=\"elementor-icon-list-text\">Acesso a Dados<\/span>\n\t\t\t\t\t\t\t\t\t\t\t<\/a>\n\t\t\t\t\t\t\t\t\t<\/li>\n\t\t\t\t\t\t<\/ul>\n\t\t\t\t<\/div>\n\t\t\t\t<\/div>\n\t\t\t\t\t<\/div>\n\t\t<\/div>\n\t\t\t\t\t\t\t<\/div>\n\t\t<\/section>\n\t\t\t\t\t\t<\/div>\n\t\t\t\t\t<\/div>\n\t\t","protected":false},"excerpt":{"rendered":"<p>Home Sobre \u00c1reas de Atua\u00e7\u00e3o Contato NOSSA HIST\u00d3RIA Fundado em 1976 pelo Dr. L\u00facio Jos\u00e9 Rubik (in memoriam), o Escrit\u00f3rio consolidou-se ao longo das d\u00e9cadas como refer\u00eancia na assessoria jur\u00eddica empresarial, tanto na \u00e1rea consultiva quanto contenciosa. Com vis\u00e3o estrat\u00e9gica e atua\u00e7\u00e3o \u00e9tica, construiu, junto aos demais s\u00f3cios, uma trajet\u00f3ria marcada pelo compromisso com a &hellip;<\/p>\n<p class=\"read-more\"> <a class=\"\" href=\"http:\/\/advocaciarubik.com.br\/wordpress\/sobre\/\"> <span class=\"screen-reader-text\">Sobre<\/span> Leia mais &raquo;<\/a><\/p>\n","protected":false},"author":1,"featured_media":0,"parent":0,"menu_order":0,"comment_status":"closed","ping_status":"closed","template":"elementor_canvas","meta":[],"_links":{"self":[{"href":"http:\/\/advocaciarubik.com.br\/wordpress\/wp-json\/wp\/v2\/pages\/186"}],"collection":[{"href":"http:\/\/advocaciarubik.com.br\/wordpress\/wp-json\/wp\/v2\/pages"}],"about":[{"href":"http:\/\/advocaciarubik.com.br\/wordpress\/wp-json\/wp\/v2\/types\/page"}],"author":[{"embeddable":true,"href":"http:\/\/advocaciarubik.com.br\/wordpress\/wp-json\/wp\/v2\/users\/1"}],"replies":[{"embeddable":true,"href":"http:\/\/advocaciarubik.com.br\/wordpress\/wp-json\/wp\/v2\/comments?post=186"}],"version-history":[{"count":37,"href":"http:\/\/advocaciarubik.com.br\/wordpress\/wp-json\/wp\/v2\/pages\/186\/revisions"}],"predecessor-version":[{"id":296,"href":"http:\/\/advocaciarubik.com.br\/wordpress\/wp-json\/wp\/v2\/pages\/186\/revisions\/296"}],"wp:attachment":[{"href":"http:\/\/advocaciarubik.com.br\/wordpress\/wp-json\/wp\/v2\/media?parent=186"}],"curies":[{"name":"wp","href":"https:\/\/api.w.org\/{rel}","templated":true}]}}